{"id":71,"date":"2021-12-08T18:50:17","date_gmt":"2021-12-08T17:50:17","guid":{"rendered":"http:\/\/jeunechoeurhautsdefrance.org\/?page_id=71"},"modified":"2026-02-19T18:09:54","modified_gmt":"2026-02-19T17:09:54","slug":"infos-pratiques","status":"publish","type":"page","link":"https:\/\/jeunechoeurhautsdefrance.org\/index.php\/infos-pratiques\/","title":{"rendered":"Infos pratiques"},"content":{"rendered":"\n<h2 class=\"wp-block-heading\">R\u00e9p\u00e9titions<\/h2>\n\n\n\n<p>Les r\u00e9p\u00e9titions ont lieu tous les samedis \u00e0 l&rsquo;\u00e9cole de musique de Bondues.<\/p>\n\n\n\n<p>Ch\u0153ur Pr\u00e9paratoire 1 : de 10h30 \u00e0 12h<\/p>\n\n\n\n<p>Ch\u0153ur Pr\u00e9paratoire 2 : de 11h15 \u00e0 13h<\/p>\n\n\n\n<p>Jeune Ch\u0153ur 1 : de 13h \u00e0 15h<\/p>\n\n\n\n<p>Jeune Ch\u0153ur 2 : de 14h \u00e0 16h30<\/p>\n\n\n\n<h2 class=\"wp-block-heading\">Stage de vacances<\/h2>\n\n\n\n<p>Nous proposons r\u00e9guli\u00e8rement 1 ou 2 journ\u00e9es au vert, avec un ou plusieurs des ch\u0153urs, pour approfondir le travail musical et cultiver le vivre ensemble des jeunes.<\/p>\n\n\n\n<p>Un stage immersif d&rsquo;une semaine, hors r\u00e9gion, si possible, durant les vacances scolaires de P\u00e2ques, est propos\u00e9 aux Jeunes Choeurs 1 et 2, chaque ann\u00e9e.<br>C&rsquo;est la Normandie, pour l&rsquo;instant, qui est notre lieu d&rsquo;accueil avec des concerts \u00e0 Honfleur, Deauville, Pont-Audemer..<\/p>\n\n\n\n<figure class=\"wp-block-embed is-type-video is-provider-youtube wp-block-embed-youtube wp-embed-aspect-16-9 wp-has-aspect-ratio\"><div class=\"wp-block-embed__wrapper\">\n<iframe loading=\"lazy\" title=\"Stage en Normandie - Avril 2023\" width=\"790\" height=\"444\" src=\"https:\/\/www.youtube.com\/embed\/C4yhRkbNQxI?feature=oembed\" frameborder=\"0\" allow=\"accelerometer; autoplay; clipboard-write; encrypted-media; gyroscope; picture-in-picture; web-share\" referrerpolicy=\"strict-origin-when-cross-origin\" allowfullscreen><\/iframe>\n<\/div><\/figure>\n\n\n\n<div style=\"height:50px\" aria-hidden=\"true\" class=\"wp-block-spacer\"><\/div>\n\n\n\n<figure class=\"wp-block-embed is-type-video is-provider-youtube wp-block-embed-youtube wp-embed-aspect-16-9 wp-has-aspect-ratio\"><div class=\"wp-block-embed__wrapper\">\n<iframe loading=\"lazy\" title=\"Stage Jeune choeur aout 2021\" width=\"790\" height=\"444\" src=\"https:\/\/www.youtube.com\/embed\/VKlOtMLuc-Q?feature=oembed\" frameborder=\"0\" allow=\"accelerometer; autoplay; clipboard-write; encrypted-media; gyroscope; picture-in-picture; web-share\" referrerpolicy=\"strict-origin-when-cross-origin\" allowfullscreen><\/iframe>\n<\/div><\/figure>\n\n\n\n<a class=\"btn btn-lg btn-theme-primary\" style=\"background-color:#537ad1; color:white; padding : 10px; font-weight : bold\" href=\"\/#Infos Pratiques\">Retour<\/a>\n","protected":false},"excerpt":{"rendered":"<p>Tout ce qu&rsquo;il faut savoir sur nos r\u00e9p\u00e9titions et stages !<\/p>\n","protected":false},"author":1,"featured_media":472,"parent":0,"menu_order":0,"comment_status":"closed","ping_status":"closed","template":"templates\/full-width-page.php","meta":{"footnotes":""},"_links":{"self":[{"href":"https:\/\/jeunechoeurhautsdefrance.org\/index.php\/wp-json\/wp\/v2\/pages\/71"}],"collection":[{"href":"https:\/\/jeunechoeurhautsdefrance.org\/index.php\/wp-json\/wp\/v2\/pages"}],"about":[{"href":"https:\/\/jeunechoeurhautsdefrance.org\/index.php\/wp-json\/wp\/v2\/types\/page"}],"author":[{"embeddable":true,"href":"https:\/\/jeunechoeurhautsdefrance.org\/index.php\/wp-json\/wp\/v2\/users\/1"}],"replies":[{"embeddable":true,"href":"https:\/\/jeunechoeurhautsdefrance.org\/index.php\/wp-json\/wp\/v2\/comments?post=71"}],"version-history":[{"count":22,"href":"https:\/\/jeunechoeurhautsdefrance.org\/index.php\/wp-json\/wp\/v2\/pages\/71\/revisions"}],"predecessor-version":[{"id":2698,"href":"https:\/\/jeunechoeurhautsdefrance.org\/index.php\/wp-json\/wp\/v2\/pages\/71\/revisions\/2698"}],"wp:featuredmedia":[{"embeddable":true,"href":"https:\/\/jeunechoeurhautsdefrance.org\/index.php\/wp-json\/wp\/v2\/media\/472"}],"wp:attachment":[{"href":"https:\/\/jeunechoeurhautsdefrance.org\/index.php\/wp-json\/wp\/v2\/media?parent=71"}],"curies":[{"name":"wp","href":"https:\/\/api.w.org\/{rel}","templated":true}]}}