{"id":574,"date":"2022-06-07T10:42:53","date_gmt":"2022-06-07T08:42:53","guid":{"rendered":"http:\/\/jeunechoeurhautsdefrance.org\/?page_id=574"},"modified":"2026-02-19T18:27:55","modified_gmt":"2026-02-19T17:27:55","slug":"lequipe-artistique","status":"publish","type":"page","link":"https:\/\/jeunechoeurhautsdefrance.org\/index.php\/lequipe-artistique\/","title":{"rendered":"L&rsquo;\u00c9quipe Artistique"},"content":{"rendered":"\n<div style=\"height:40px\" aria-hidden=\"true\" class=\"wp-block-spacer\"><\/div>\n\n\n\n<div class=\"wp-block-media-text alignwide is-stacked-on-mobile\" style=\"grid-template-columns:29% auto\"><figure class=\"wp-block-media-text__media\"><img loading=\"lazy\" decoding=\"async\" width=\"904\" height=\"1024\" src=\"https:\/\/jeunechoeurhautsdefrance.org\/wp-content\/uploads\/2022\/07\/pascale-ok-2-904x1024.jpg\" alt=\"\" class=\"wp-image-728 size-full\" srcset=\"https:\/\/jeunechoeurhautsdefrance.org\/wp-content\/uploads\/2022\/07\/pascale-ok-2-904x1024.jpg 904w, https:\/\/jeunechoeurhautsdefrance.org\/wp-content\/uploads\/2022\/07\/pascale-ok-2-265x300.jpg 265w, https:\/\/jeunechoeurhautsdefrance.org\/wp-content\/uploads\/2022\/07\/pascale-ok-2-768x870.jpg 768w, https:\/\/jeunechoeurhautsdefrance.org\/wp-content\/uploads\/2022\/07\/pascale-ok-2-1356x1536.jpg 1356w, https:\/\/jeunechoeurhautsdefrance.org\/wp-content\/uploads\/2022\/07\/pascale-ok-2-1808x2048.jpg 1808w\" sizes=\"(max-width: 904px) 100vw, 904px\" \/><\/figure><div class=\"wp-block-media-text__content\">\n<h3 class=\"wp-block-heading\"><strong>PASCALE&nbsp; DIEVAL-WILS<\/strong><\/h3>\n\n\n\n<h5 class=\"wp-block-heading\"><strong>Cheffe de Choeur<\/strong><\/h5>\n\n\n\n<p>N\u00e9e \u00e0 Roubaix, Pascale DIEVAL-WILS a effectu\u00e9 ses \u00e9tudes de piano, musique de chambre, analyse, \u00e9criture, chant et direction de choeur \u00e0 Roubaix, Douai, Lille et Paris. <\/p>\n\n\n\n<p>Dot\u00e9e de nombreux prix, elle a parfait ses \u00e9tudes de direction de ch\u0153ur aupr\u00e8s de Claire Marchand.<\/p>\n\n\n\n<p>En parall\u00e8le de sa formation, elle a travaill\u00e9 occasionnellement avec Frieder BERNUS Olivier SCHNEEBELI, Pierre CAO, Roland HAYRABEDIAN, Paul VAN NEVEL, Tony RAMON et au cours de la participation de ses ch\u0153urs \u00e0 des productions professionnelles avec Jean-Claude MALGOIRE, Herv\u00e9 NIQUET, Jean-Luc TINGAUD, Jean-Claude CASADESUS, Arie VAN BEEK, Nicolas KR\u00dcGER, Franck OLLU, Guillaume TOURNIAIRE, Alexandre BLOCH, Maxime PASCAL, Mathieu ROMANO et l&rsquo;ensemble AEDES.<\/p>\n<\/div><\/div>\n\n\n\n<div style=\"height:20px\" aria-hidden=\"true\" class=\"wp-block-spacer\"><\/div>\n\n\n\n<p class=\"has-text-align-left\">Apr\u00e8s avoir assur\u00e9 la direction de l\u2019Atelier-Choral&nbsp; du Conservatoire \u00e0 Rayonnement R\u00e9gional de Lille pendant plus de 15 ans puis celle de l\u2019Ensemble Vocal F\u00e9minin, elle assurait conjointement celle du Ch\u0153ur<em> Ma\u00eetrisien<\/em> qu\u2019elle avait cr\u00e9\u00e9&nbsp; au Conservatoire de Wasquehal en 2005 et qui regroupait 60 enfants et adolescents, r\u00e9guli\u00e8rement sollicit\u00e9s par l\u2019Op\u00e9ra de Lille, l\u2019Atelier Lyrique de Tourcoing, l\u2019Orchestre de Picardie et par l\u2019Orchestre National de Lille.<\/p>\n\n\n\n<p>Pendant de nombreuses ann\u00e9es, elle a assur\u00e9 \u00e9galement la direction des Ch\u0153urs Universitaires de Lille, ceux de la C\u00f4te d\u2019Opale. \u2026ainsi que celle de&nbsp; <em>l\u2019Ensemble Vocal &nbsp;Quartz<\/em>, qu\u2019elle avait cr\u00e9\u00e9 et avec lequel elle s\u2019\u00e9tait produite lors de tourn\u00e9es en France et \u00e0 l\u2019\u00e9tranger.<\/p>\n\n\n\n<p>En 2019, toujours enthousiaste et avide de transmettre son art choral comme elle l\u2019entendait, elle s\u2019\u00e9mancipera de toutes structures et conduira ses activit\u00e9s artistiques vers d\u2019autres cr\u00e9ations chorales, essentiellement en direction des ch\u0153urs d\u2019enfants et de jeunes adultes.<\/p>\n\n\n\n<p>C\u2019est donc, en septembre 2019, lors de sa cr\u00e9ation qu\u2019elle prendra naturellement la direction artistique du \u00ab JEUNE CH\u0152UR des HAUTS-DE-FRANCE&nbsp;\u00bb avec lequel elle a l\u2019ambition de mener un travail quasi professionnel.<\/p>\n\n\n\n<p>Ce Jeune Ch\u0153ur est constitu\u00e9 d&rsquo;environ 130 jeunes dont la plupart sont instrumentistes et viennent de toute la r\u00e9gion. Ils sont r\u00e9guli\u00e8rement sollicit\u00e9s dans des projets vocaux professionnels par l\u2019Orchestre National de LILLE, l\u2019Op\u00e9ra de LILLE. et l&rsquo;Atelier Lyrique de Tourcoing.<\/p>\n\n\n\n<p>Pascale DIEVAL-WILS est \u00e9galement intervenue, ponctuellement, comme chef de choeur sur des projets r\u00e9gionaux (A Coeur Joie, Multiphonie) et parall\u00e8lement a anim\u00e9 de nombreux stages de formation de chefs de choeur, nationaux et internationaux dans des structures comme&nbsp;: les DRAC, les CEFEDEM, DEFEDEM, les missions voix (INECC Lorraine, Basse Normandie, Domaine Musiques Nord Pas de Calais , ADIAM du Val d\u2019Oise) ou le CNFPT (centre national de la fonction publique) et pour l\u2019Education Nationale (Lille, Arras). Elle a anim\u00e9 un atelier de direction d\u2019ensembles, au sein du Conservatoire de Lille, durant de nombreuses ann\u00e9es \u00e9galement.<\/p>\n\n\n\n<p>Nomm\u00e9e Professeur d\u2019Enseignement Artistique charg\u00e9e de direction, elle a \u00e9t\u00e9 Directrice du Conservatoire \u00e0 Rayonnement Communal de Musique et de Danse de Wasquehal (Nord) durant 12 ans o\u00f9 elle y a r\u00e9alis\u00e9, outre la cr\u00e9ation et la direction du Ch\u0153ur Maitrisien en 2005, reconnu r\u00e9gionalement et m\u00eame nationalement (14 juillet 2010 devant la tribune pr\u00e9sidentielle \u00e0 Paris lors du d\u00e9fil\u00e9 ou au Th\u00e9\u00e2tre des Champs-Elys\u00e9es -Passion selon st Matthieu en 2009), la cr\u00e9ation de&nbsp; classes \u00e0 horaires am\u00e9nag\u00e9s \u00e0 Dominante VOIX sur les 4 niveaux, du CE1 au CM2&nbsp; regroupant&nbsp; environ 80 enfants qu\u2019elle a dirig\u00e9s de septembre 2007 jusqu\u2019\u00e0 juin 2019.<\/p>\n\n\n\n<p>De 2015 \u00e0 2019, ses missions, et sa d\u00e9termination, l\u2019ont port\u00e9e vers la cr\u00e9ation de classes \u00e0 horaires am\u00e9nag\u00e9s \u00e0 dominante VOIX (CHAM) en coll\u00e8ge, pr\u00e9cis\u00e9ment au Coll\u00e8ge de Lille-Makeba, class\u00e9 en REP +, conventionn\u00e9 avec le CRR de LILLE et pour lequel elle a assur\u00e9 la direction des ch\u0153urs et donc du abandonner la direction du conservatoire de Wasquehal.<\/p>\n\n\n\n<p>Elle a int\u00e9gr\u00e9 \u00e9galement, depuis l\u2019origine, l\u2019\u00e9quipe des chefs de ch\u0153ur de l\u2019Op\u00e9ra de LILLE dans le projet \u00ab&nbsp;FINOREILLE&nbsp;\u00bb et y dirige trois ateliers d\u2019enfants depuis sept ans, elle assure \u00e9galement&nbsp; d\u2019autres responsabilit\u00e9s dans ce projet.<\/p>\n\n\n\n<p>Lors de ses activit\u00e9s de cheffe de choeur, elle a soin de faire travailler les \u00e9motions, corporellement, et s\u2019attache tout particuli\u00e8rement \u00e0 cette expression corporelle.<\/p>\n\n\n\n<p>Elle a \u00e9galement eu l\u2019occasion de travailler avec des metteurs en sc\u00e8ne comme Jean-Luc Sivadier (Carmen-Op\u00e9ra de Lille), Olivier B\u00e9n\u00e9zech (le Tour d\u2019\u00e9crou-Op\u00e9ra de Lille, Arras, Ath\u00e9n\u00e9e Paris) Robert Carsen (la petite renarde rus\u00e9e-Op\u00e9ra de Lille),Rom\u00e9o Castellucci (Orph\u00e9e et Eurydice-La Monnaie, Bruxelles), Laurent Pelly (Midsummer Night\u2019s Dream-Op\u00e9ra de Lille), Sylvia COSTA (Montag aus Licht-Op\u00e9ra de Lille et Philharmonie de Paris), Beno\u00eet BENICHOU (Arche de No\u00e9-Atelier Lyrique de Tourcoing)<\/p>\n\n\n\n<p>Dot\u00e9e d\u2019une \u00e9nergie rayonnante, Pascale DIEVAL-WILS transmet avec passion et d\u00e9termination, l\u2019art du chant-choral o\u00f9 exigence, qualit\u00e9 et plaisir sont ses principaux vecteurs.<\/p>\n\n\n\n<div style=\"height:70px\" aria-hidden=\"true\" class=\"wp-block-spacer\"><\/div>\n\n\n\n<p><\/p>\n\n\n\n<div style=\"height:70px\" aria-hidden=\"true\" class=\"wp-block-spacer\"><\/div>\n\n\n\n<div class=\"wp-block-media-text alignwide is-stacked-on-mobile\" style=\"grid-template-columns:25% auto\"><figure class=\"wp-block-media-text__media\"><img loading=\"lazy\" decoding=\"async\" width=\"492\" height=\"768\" src=\"https:\/\/jeunechoeurhautsdefrance.org\/wp-content\/uploads\/2023\/09\/photo_06.jpg\" alt=\"\" class=\"wp-image-1208 size-full\" srcset=\"https:\/\/jeunechoeurhautsdefrance.org\/wp-content\/uploads\/2023\/09\/photo_06.jpg 492w, https:\/\/jeunechoeurhautsdefrance.org\/wp-content\/uploads\/2023\/09\/photo_06-192x300.jpg 192w\" sizes=\"(max-width: 492px) 100vw, 492px\" \/><\/figure><div class=\"wp-block-media-text__content\">\n<h3 class=\"wp-block-heading\"><strong><strong>IR\u00c8NE PENNEL-CANDELIER<\/strong><\/strong><\/h3>\n\n\n\n<h5 class=\"wp-block-heading\"><strong>Professeure de technique vocale<\/strong><\/h5>\n\n\n\n<p>Titulaire du dipl\u00f4me d\u2019\u00e9tat de professeur de chant et laur\u00e9ate du concours de P.E.A, Ir\u00e8ne Candelier-Pennel enseigne le chant aux CRR de Lille et CRC de Wasquehal.<br>N\u00e9e \u00e0 Tourcoing, pianiste de formation, elle obtient une M\u00e9daille d\u2019Or de piano et de musique de chambre, \u00e0 l&rsquo;Unanimit\u00e9, au conservatoire de Tourcoing en 2001. Elle entre dans la classe de la basse Daniel Ottevaere au conservatoire de Valenciennes o\u00f9 elle obtient une M\u00e9daille d\u2019Or \u00e0 l\u2019Unanimit\u00e9 et un 1er Prix de Perfectionnement. En 2007, elle obtient le dipl\u00f4me 6\u00e8me ex\u00e9cution \u00e0 l\u2019unanimit\u00e9 de l\u2019\u00e9cole Normale de Musique de Paris. Parall\u00e8lement, elle suit les cours des chefs de chant Janine Reiss et Ir\u00e8ne Kudela. Depuis 2016, elle se perfectionne aupr\u00e8s de Mariam Sarkissian, cr\u00e9atrice de la m\u00e9thode du triangle de l&rsquo;\u00e9quilibre.<br>Remarqu\u00e9e au Concours de B\u00e9ziers en 2008, elle y obtient le 2\u00e8me Prix \u00e0 l\u2019unanimit\u00e9 cat\u00e9gorie op\u00e9ra. En mars 2011, le 3\u00e8me Prix au Concours International du M\u00e9doc et le 1er prix au concours de Vivonne en 2014. Ir\u00e8ne Candelier a \u00e9t\u00e9 demi-finaliste au Concours International Reine \u00c9lisabeth 2011.<\/p>\n<\/div><\/div>\n\n\n\n<div style=\"height:20px\" aria-hidden=\"true\" class=\"wp-block-spacer\"><\/div>\n\n\n\n<p>Les saisons derni\u00e8res, elle a interpr\u00e9t\u00e9 : Juliette (Rom\u00e9o et Juliette de Gounod) tourn\u00e9e avec Op\u00e9ra en plein air en Belgique ; Donna Elvira (Don Giovanni de Mozart) au th\u00e9\u00e2tre d\u2019Antibes et au festival Pierre Cardin \u00e0 Lacoste produit par Eve Ruggeri ; Tebaldo (Don Carlo de Verdi) au th\u00e9\u00e2tre Pavarotti \u00e0 Modena ; Donna Anna ( Don Giovanni de Mozart ) et Gilda ( Rigoletto de G.Verdi ) au th\u00e9\u00e2tre de Rabat. Pamina (Die Zauberfl\u00f6te de Mozart) \u00e0 l\u2019op\u00e9ra de Wallonie ; Le pivert et la femme de l\u2019aubergiste (La petite renarde rus\u00e9e) \u00e0 l\u2019Op\u00e9ra de Lille ; Liza (Le Pays du Sourire de Lehar) et Caroline (Chauve-Souris de Strauss) au Th\u00e9\u00e2tre de Tourcoing ; La Premi\u00e8re Dame (Die Zauberfl\u00f6te) en tourn\u00e9e avec Figaro si, Figaro la ; Papagena (Die Zauberfl\u00f6te de Mozart) \u00e0 l&rsquo;Op\u00e9ra de Rouen ; Ragnatela (Fairy Queen de Purcell) \u00e0 l\u2019op\u00e9ra de Wallonie.<\/p>\n\n\n\n<p>Ces nombreux r\u00f4les sur sc\u00e8ne, la proximit\u00e9 avec le public mais aussi avec de grands chefs d\u2019orchestre, des metteurs en sc\u00e8ne, des chefs de chant et des professionnels du monde du spectacle ont \u00e9t\u00e9 essentiels dans sa formation d\u2019artiste. Un chanteur en activit\u00e9 professionnelle a la particularit\u00e9 d\u2019\u00eatre r\u00e9guli\u00e8rement \u00ab coach\u00e9 \u00bb par des oreilles de confiance. En effet, la perception de son \u00e9mission sonore par le chanteur r\u00e9sulte d\u2019un \u00e9quilibre entre \u00e9coute ext\u00e9rieure et int\u00e9rieure, vibrations a\u00e9riennes et vibrations osseuses, et cet \u00e9quilibre \u00e9volue constamment.<\/p>\n\n\n\n<p>Son enseignement se base sur deux p\u00f4les fondamentaux :<br>1\/<br>Des exercices \u00ab sportifs \u00bb pour pr\u00e9parer le corps et construire une base du souffle solide o\u00f9 la voix peut se poser en toute confiance, soutenue par la soufflerie o\u00f9 l\u2019essence du chant r\u00e9side.<br>2\/<br>Le travail de la technique vocale pour automatiser ou plut\u00f4t retrouver la facilit\u00e9 de la d\u00e9clamation inn\u00e9e qui g\u00e9n\u00e9ralement est meurtrie par de multiples id\u00e9es re\u00e7ues.<\/p>\n\n\n\n<p><br>La communion de ces deux pendants permet d\u2019acqu\u00e9rir une \u00ab vraie \u00bb technique lyrique confortable et non pas une \u00ab imitation \u00bb de la technique lyrique qui pourrait \u00e0 long terme mettre en souffrance l\u2019appareil phonatoire.<br>Parall\u00e8lement, \u00e9tant pianiste de formation elle accompagne les \u00e9l\u00e8ves pour effectuer un travail musical approfondi, car la technique vocale n\u2019est rien sans la magie de la pens\u00e9e musicale.<\/p>\n\n\n\n<div style=\"height:70px\" aria-hidden=\"true\" class=\"wp-block-spacer\"><\/div>\n\n\n\n<div class=\"wp-block-media-text alignwide is-stacked-on-mobile\" style=\"grid-template-columns:24% auto\"><figure class=\"wp-block-media-text__media\"><img loading=\"lazy\" decoding=\"async\" width=\"1024\" height=\"669\" src=\"https:\/\/jeunechoeurhautsdefrance.org\/wp-content\/uploads\/2024\/08\/PHOTO-2024-08-14-14-37-10-1024x669.jpg\" alt=\"\" class=\"wp-image-1632 size-full\" srcset=\"https:\/\/jeunechoeurhautsdefrance.org\/wp-content\/uploads\/2024\/08\/PHOTO-2024-08-14-14-37-10-1024x669.jpg 1024w, https:\/\/jeunechoeurhautsdefrance.org\/wp-content\/uploads\/2024\/08\/PHOTO-2024-08-14-14-37-10-300x196.jpg 300w, https:\/\/jeunechoeurhautsdefrance.org\/wp-content\/uploads\/2024\/08\/PHOTO-2024-08-14-14-37-10-768x502.jpg 768w, https:\/\/jeunechoeurhautsdefrance.org\/wp-content\/uploads\/2024\/08\/PHOTO-2024-08-14-14-37-10.jpg 1154w\" sizes=\"(max-width: 1024px) 100vw, 1024px\" \/><\/figure><div class=\"wp-block-media-text__content\">\n<h3 class=\"wp-block-heading\"><strong><strong>JULIETTE TOURNIER<\/strong><\/strong><\/h3>\n\n\n\n<h5 class=\"wp-block-heading\"><strong>Pianiste accompagnatrice<\/strong><\/h5>\n\n\n\n<p>Originaire des Alpes, Juliette d\u00e9bute sa formation pianistique au Conservatoire \u00e0 Rayonnement R\u00e9gional de Grenoble dans la classe de Sandra Chamoux. Elle obtient un DEM de Piano et de Formation Musicale ainsi qu&rsquo;une Licence de Musicologie \u00e0 l&rsquo;Universit\u00e9 Pierre Mendes France de Grenoble.<\/p>\n\n\n\n<p>L&rsquo;accompagnement devient rapidement une voie d&rsquo;\u00e9panouissement privil\u00e9gi\u00e9e.<\/p>\n\n\n\n<p>Apr\u00e8s des \u00e9tudes au Conservatoire \u00e0 Rayonnement R\u00e9gional de Saint-Maur en r\u00e9gion parisienne (DEM de Piano), elle obtient deux Licences de Piano et d&rsquo;Accompagnement \u00e0 l&rsquo;Ecole Sup\u00e9rieure de Musique et de Danse (ESMD) de Lille, dans les classes de Jean-Michel Dayez et Christophe Simonet.<\/p>\n<\/div><\/div>\n\n\n\n<p>Elle poursuit ensuite sa formation en Belgique au Koninklijk Conservatorium de Bruxelles, dans lequel elle obtient un Master de piano avec la mention \u00ab\u00a0Grande Distinction\u00a0\u00bb, dans la classe de Jan Michiels.<br>&nbsp;<br>Port\u00e9e par l&rsquo;amour de la musique et de la transmission, elle est actuellement professeure et pianiste accompagnatrice dans les Conservatoires de Lille et de Lens.<\/p>\n\n\n\n<p>A la rentr\u00e9e de septembre 2024, Juliette est nomm\u00e9e pianiste accompagnatrice du JEUNE CHOEUR DES HAUTS-DE-FRANCE.<\/p>\n\n\n\n<div style=\"height:20px\" aria-hidden=\"true\" class=\"wp-block-spacer\"><\/div>\n\n\n\n<div style=\"height:50px\" aria-hidden=\"true\" class=\"wp-block-spacer\"><\/div>\n\n\n\n<a class=\"btn btn-lg btn-theme-primary\" style=\"background-color:#537ad1; color:white; padding : 10px; font-weight : bold\" href=\"\/#Infos Pratiques\">Retour<\/a>\n","protected":false},"excerpt":{"rendered":"<p>PASCALE&nbsp; DIEVAL-WILS Cheffe de Choeur N\u00e9e \u00e0 Roubaix, Pascale DIEVAL-WILS a effectu\u00e9 ses \u00e9tudes de piano, musique de chambre, analyse, \u00e9criture, chant et direction de choeur \u00e0 Roubaix, Douai, Lille et Paris. Dot\u00e9e de nombreux prix, elle a parfait ses \u00e9tudes de direction de ch\u0153ur aupr\u00e8s de Claire Marchand. En&#8230;<\/p>\n","protected":false},"author":5,"featured_media":0,"parent":0,"menu_order":0,"comment_status":"closed","ping_status":"closed","template":"","meta":{"footnotes":""},"_links":{"self":[{"href":"https:\/\/jeunechoeurhautsdefrance.org\/index.php\/wp-json\/wp\/v2\/pages\/574"}],"collection":[{"href":"https:\/\/jeunechoeurhautsdefrance.org\/index.php\/wp-json\/wp\/v2\/pages"}],"about":[{"href":"https:\/\/jeunechoeurhautsdefrance.org\/index.php\/wp-json\/wp\/v2\/types\/page"}],"author":[{"embeddable":true,"href":"https:\/\/jeunechoeurhautsdefrance.org\/index.php\/wp-json\/wp\/v2\/users\/5"}],"replies":[{"embeddable":true,"href":"https:\/\/jeunechoeurhautsdefrance.org\/index.php\/wp-json\/wp\/v2\/comments?post=574"}],"version-history":[{"count":71,"href":"https:\/\/jeunechoeurhautsdefrance.org\/index.php\/wp-json\/wp\/v2\/pages\/574\/revisions"}],"predecessor-version":[{"id":2709,"href":"https:\/\/jeunechoeurhautsdefrance.org\/index.php\/wp-json\/wp\/v2\/pages\/574\/revisions\/2709"}],"wp:attachment":[{"href":"https:\/\/jeunechoeurhautsdefrance.org\/index.php\/wp-json\/wp\/v2\/media?parent=574"}],"curies":[{"name":"wp","href":"https:\/\/api.w.org\/{rel}","templated":true}]}}